{"id":11043,"date":"2024-11-26T15:20:29","date_gmt":"2024-11-26T18:20:29","guid":{"rendered":"https:\/\/slmandic.edu.br\/lp\/?page_id=11043"},"modified":"2025-12-29T10:18:10","modified_gmt":"2025-12-29T13:18:10","slug":"residencia-medica-2025","status":"publish","type":"page","link":"https:\/\/slmandic.edu.br\/lp\/residencia-medica-2025\/","title":{"rendered":"Lp Resid\u00eancia M\u00e9dica 2025"},"content":{"rendered":"\t\t<div data-elementor-type=\"wp-page\" data-elementor-id=\"11043\" class=\"elementor elementor-11043\" data-elementor-post-type=\"page\">\n\t\t\t\t<div class=\"elementor-element elementor-element-5977ed7 e-flex e-con-boxed e-con e-parent\" data-id=\"5977ed7\" data-element_type=\"container\" id=\"topo\" data-settings=\"{&quot;background_background&quot;:&quot;classic&quot;}\">\n\t\t\t\t\t<div class=\"e-con-inner\">\n\t\t<div class=\"elementor-element elementor-element-b5859ce e-con-full e-flex e-con e-child\" data-id=\"b5859ce\" data-element_type=\"container\">\n\t\t\t\t<div class=\"elementor-element elementor-element-741636e elementor-widget elementor-widget-image\" data-id=\"741636e\" data-element_type=\"widget\" data-widget_type=\"image.default\">\n\t\t\t\t<div class=\"elementor-widget-container\">\n\t\t\t\t\t\t\t\t\t\t\t\t\t<img decoding=\"async\" width=\"800\" height=\"284\" src=\"https:\/\/slmandic.edu.br\/lp\/wp-content\/uploads\/2024\/11\/Ativo-58-1024x363.png\" class=\"attachment-large size-large wp-image-11028\" alt=\"\" srcset=\"https:\/\/slmandic.edu.br\/lp\/wp-content\/uploads\/2024\/11\/Ativo-58-1024x363.png 1024w, https:\/\/slmandic.edu.br\/lp\/wp-content\/uploads\/2024\/11\/Ativo-58-300x106.png 300w, https:\/\/slmandic.edu.br\/lp\/wp-content\/uploads\/2024\/11\/Ativo-58-768x272.png 768w, https:\/\/slmandic.edu.br\/lp\/wp-content\/uploads\/2024\/11\/Ativo-58.png 1282w\" sizes=\"(max-width: 800px) 100vw, 800px\" \/>\t\t\t\t\t\t\t\t\t\t\t\t\t<\/div>\n\t\t\t\t<\/div>\n\t\t\t\t<div class=\"elementor-element elementor-element-7d78966 elementor-widget elementor-widget-heading\" data-id=\"7d78966\" data-element_type=\"widget\" data-widget_type=\"heading.default\">\n\t\t\t\t<div class=\"elementor-widget-container\">\n\t\t\t<h2 class=\"elementor-heading-title elementor-size-default\">RECEBA OS DETALHES DO EDITAL DE<\/h2>\t\t<\/div>\n\t\t\t\t<\/div>\n\t\t\t\t<div class=\"elementor-element elementor-element-3193dd2 elementor-widget-mobile__width-inherit elementor-widget elementor-widget-heading\" data-id=\"3193dd2\" data-element_type=\"widget\" data-widget_type=\"heading.default\">\n\t\t\t\t<div class=\"elementor-widget-container\">\n\t\t\t<h2 class=\"elementor-heading-title elementor-size-default\">Resid\u00eancia M\u00e9dica  2026<\/h2>\t\t<\/div>\n\t\t\t\t<\/div>\n\t\t\t\t<div class=\"elementor-element elementor-element-325a42a elementor-widget elementor-widget-text-editor\" data-id=\"325a42a\" data-element_type=\"widget\" data-widget_type=\"text-editor.default\">\n\t\t\t\t<div class=\"elementor-widget-container\">\n\t\t\t\t\t\t\t<p><span style=\"font-family: -apple-system, BlinkMacSystemFont, Segoe UI, Roboto, Helvetica Neue, Arial, Noto Sans, sans-serif, Apple Color Emoji, Segoe UI Emoji, Segoe UI Symbol, Noto Color Emoji;\"><span style=\"font-size: 19.2px;\">Tenha <b>acesso antecipado<\/b> ao n\u00famero de vagas e as especialidades dispon\u00edveis dos <b>cursos de especializa\u00e7\u00e3o m\u00e9dica da Mandic<\/b>, al\u00e9m das<\/span><\/span><span style=\"font-family: -apple-system, BlinkMacSystemFont, 'Segoe UI', Roboto, 'Helvetica Neue', Arial, 'Noto Sans', sans-serif, 'Apple Color Emoji', 'Segoe UI Emoji', 'Segoe UI Symbol', 'Noto Color Emoji'; font-size: 19.2px;\">\u00a0novidades e \u00faltimas tend\u00eancias<\/span><span style=\"font-family: -apple-system, BlinkMacSystemFont, 'Segoe UI', Roboto, 'Helvetica Neue', Arial, 'Noto Sans', sans-serif, 'Apple Color Emoji', 'Segoe UI Emoji', 'Segoe UI Symbol', 'Noto Color Emoji'; font-size: 19.2px;\">\u00a0do mercado da Medicina!<\/span><\/p>\t\t\t\t\t\t<\/div>\n\t\t\t\t<\/div>\n\t\t\t\t<\/div>\n\t\t<div class=\"elementor-element elementor-element-afd608e e-con-full e-flex e-con e-child\" data-id=\"afd608e\" data-element_type=\"container\" data-settings=\"{&quot;background_background&quot;:&quot;classic&quot;}\">\n\t\t\t\t<div class=\"elementor-element elementor-element-7dd8477 elementor-button-align-center elementor-widget elementor-widget-form\" data-id=\"7dd8477\" data-element_type=\"widget\" data-settings=\"{&quot;step_next_label&quot;:&quot;next&quot;,&quot;step_previous_label&quot;:&quot;previus&quot;,&quot;button_width&quot;:&quot;100&quot;,&quot;step_type&quot;:&quot;number_text&quot;,&quot;step_icon_shape&quot;:&quot;circle&quot;}\" data-widget_type=\"form.default\">\n\t\t\t\t<div class=\"elementor-widget-container\">\n\t\t\t\t\t<form class=\"elementor-form\" method=\"post\" id=\"Pos_Graduacao_Medicina_Lead_LP\" name=\"PG MED CATA LEADRESIDENCIA 2025\">\n\t\t\t<input type=\"hidden\" name=\"post_id\" value=\"11043\"\/>\n\t\t\t<input type=\"hidden\" name=\"form_id\" value=\"7dd8477\"\/>\n\t\t\t<input type=\"hidden\" name=\"referer_title\" value=\"SLMandic &#8211; LPs\" \/>\n\n\t\t\t\n\t\t\t<div class=\"elementor-form-fields-wrapper elementor-labels-\">\n\t\t\t\t\t\t\t\t<div class=\"elementor-field-type-text elementor-field-group elementor-column elementor-field-group-name elementor-col-100 elementor-field-required\">\n\t\t\t\t\t\t\t\t\t\t\t\t<label for=\"form-field-name\" class=\"elementor-field-label elementor-screen-only\">\n\t\t\t\t\t\t\t\tNome\t\t\t\t\t\t\t<\/label>\n\t\t\t\t\t\t\t\t\t\t\t\t\t\t<input size=\"1\" type=\"text\" name=\"form_fields[name]\" id=\"form-field-name\" class=\"elementor-field elementor-size-sm  elementor-field-textual\" placeholder=\"Nome\" required=\"required\" aria-required=\"true\">\n\t\t\t\t\t\t\t\t\t\t\t<\/div>\n\t\t\t\t\t\t\t\t<div class=\"elementor-field-type-email elementor-field-group elementor-column elementor-field-group-email elementor-col-100 elementor-field-required\">\n\t\t\t\t\t\t\t\t\t\t\t\t<label for=\"form-field-email\" class=\"elementor-field-label elementor-screen-only\">\n\t\t\t\t\t\t\t\tE-mail\t\t\t\t\t\t\t<\/label>\n\t\t\t\t\t\t\t\t\t\t\t\t\t\t<input size=\"1\" type=\"email\" name=\"form_fields[email]\" id=\"form-field-email\" class=\"elementor-field elementor-size-sm  elementor-field-textual\" placeholder=\"E-mail\" required=\"required\" aria-required=\"true\">\n\t\t\t\t\t\t\t\t\t\t\t<\/div>\n\t\t\t\t\t\t\t\t<div class=\"elementor-field-type-text elementor-field-group elementor-column elementor-field-group-phone elementor-col-100 elementor-field-required\">\n\t\t\t\t\t\t\t\t\t\t\t\t<label for=\"form-field-phone\" class=\"elementor-field-label elementor-screen-only\">\n\t\t\t\t\t\t\t\tTelefone\t\t\t\t\t\t\t<\/label>\n\t\t\t\t\t\t\t\t\t\t\t\t\t\t<input size=\"1\" type=\"text\" name=\"form_fields[phone]\" id=\"form-field-phone\" class=\"elementor-field elementor-size-sm  fme-mask-input elementor-field-textual\" placeholder=\"(xx) xxxxx-xxxx\" required=\"required\" aria-required=\"true\" data-fme-mask=\"ev-tel-ddd9\">\n\t\t\t\t\t\t\t\t\t\t\t<\/div>\n\t\t\t\t\t\t\t\t<div class=\"elementor-field-type-select elementor-field-group elementor-column elementor-field-group-what_is_your_educational_background elementor-col-100 elementor-field-required\">\n\t\t\t\t\t\t\t\t\t\t\t\t<label for=\"form-field-what_is_your_educational_background\" class=\"elementor-field-label elementor-screen-only\">\n\t\t\t\t\t\t\t\tEspecialidade de interesse\t\t\t\t\t\t\t<\/label>\n\t\t\t\t\t\t\t\t<div class=\"elementor-field elementor-select-wrapper remove-before \">\n\t\t\t<div class=\"select-caret-down-wrapper\">\n\t\t\t\t<svg aria-hidden=\"true\" class=\"e-font-icon-svg e-eicon-caret-down\" viewBox=\"0 0 571.4 571.4\" xmlns=\"http:\/\/www.w3.org\/2000\/svg\"><path d=\"M571 393Q571 407 561 418L311 668Q300 679 286 679T261 668L11 418Q0 407 0 393T11 368 36 357H536Q550 357 561 368T571 393Z\"><\/path><\/svg>\t\t\t<\/div>\n\t\t\t<select name=\"form_fields[what_is_your_educational_background]\" id=\"form-field-what_is_your_educational_background\" class=\"elementor-field-textual elementor-size-sm\" required=\"required\" aria-required=\"true\">\n\t\t\t\t\t\t\t\t\t<option value=\"Especialidade do seu interesse*\" selected=\"selected\">Especialidade do seu interesse*<\/option>\n\t\t\t\t\t\t\t\t\t<option value=\"Dermatologia\">Dermatologia<\/option>\n\t\t\t\t\t\t\t\t\t<option value=\"Oftalmologia\">Oftalmologia<\/option>\n\t\t\t\t\t\t\t\t\t<option value=\"Endocrinologia\">Endocrinologia<\/option>\n\t\t\t\t\t\t\t\t\t<option value=\"Psiquiatria\">Psiquiatria<\/option>\n\t\t\t\t\t\t\t\t\t<option value=\"Reprodu\u00e7\u00e3o Assistida\">Reprodu\u00e7\u00e3o Assistida<\/option>\n\t\t\t\t\t\t\t\t\t<option value=\"Cardiologia\">Cardiologia<\/option>\n\t\t\t\t\t\t\t\t\t<option value=\"Ortopedia\">Ortopedia<\/option>\n\t\t\t\t\t\t\t\t\t<option value=\"Pediatria\">Pediatria<\/option>\n\t\t\t\t\t\t\t\t\t<option value=\"Cirurgia Geral\">Cirurgia Geral<\/option>\n\t\t\t\t\t\t\t\t\t<option value=\"Cl\u00ednica M\u00e9dica\">Cl\u00ednica M\u00e9dica<\/option>\n\t\t\t\t\t\t\t\t\t<option value=\"Anestesiologia\">Anestesiologia<\/option>\n\t\t\t\t\t\t\t\t\t<option value=\"Ginecologia e Obstetr\u00edcia\">Ginecologia e Obstetr\u00edcia<\/option>\n\t\t\t\t\t\t\t\t\t<option value=\"Medicina de Fam\u00edlia e Comunidade\">Medicina de Fam\u00edlia e Comunidade<\/option>\n\t\t\t\t\t\t\t<\/select>\n\t\t<\/div>\n\t\t\t\t\t\t<\/div>\n\t\t\t\t\t\t\t\t<div class=\"elementor-field-type-acceptance elementor-field-group elementor-column elementor-field-group-accordingly elementor-col-100 elementor-field-required\">\n\t\t\t\t\t\t\t\t\t\t\t\t<label for=\"form-field-accordingly\" class=\"elementor-field-label elementor-screen-only\">\n\t\t\t\t\t\t\t\tDe acordo\t\t\t\t\t\t\t<\/label>\n\t\t\t\t\t\t\t\t<div class=\"elementor-field-subgroup\">\n\t\t\t<span class=\"elementor-field-option\">\n\t\t\t\t<input type=\"checkbox\" name=\"form_fields[accordingly]\" id=\"form-field-accordingly\" class=\"elementor-field elementor-size-sm  elementor-acceptance-field\" required=\"required\" aria-required=\"true\">\n\t\t\t\t<label for=\"form-field-accordingly\"><font size=\"2\">Eu concordo em receber as comunica\u00e7\u00f5es sobre a Faculdade S\u00e3o Leopoldo Mandic.\n<br>\nAo informar meus dados, estou ciente das diretrizes da <span style=\"color: #333399;\"><a style=\"color: #333399;\" href=\"https:\/\/slmandic.edu.br\/politica-de-privacidade\/\">Pol\u00edtica de Privacidade.<\/a><\/span>\n<p><\/font><\/label>\t\t\t<\/span>\n\t\t<\/div>\n\t\t\t\t\t\t<\/div>\n\t\t\t\t\t\t\t\t<div class=\"elementor-field-type-hidden elementor-field-group elementor-column elementor-field-group-location elementor-col-100\">\n\t\t\t\t\t\t\t\t\t\t\t\t\t<input size=\"1\" type=\"hidden\" name=\"form_fields[location]\" id=\"form-field-location\" class=\"elementor-field elementor-size-sm  elementor-field-textual\" value=\"Lp Resid\u00eancia M\u00e9dica 2025\">\n\t\t\t\t\t\t\t\t\t\t\t<\/div>\n\t\t\t\t\t\t\t\t<div class=\"elementor-field-type-hidden elementor-field-group elementor-column elementor-field-group-form_url elementor-col-100\">\n\t\t\t\t\t\t\t\t\t\t\t\t\t<input size=\"1\" type=\"hidden\" name=\"form_fields[form_url]\" id=\"form-field-form_url\" class=\"elementor-field elementor-size-sm  elementor-field-textual\" value=\"residencia-medica-2025\">\n\t\t\t\t\t\t\t\t\t\t\t<\/div>\n\t\t\t\t\t\t\t\t<div class=\"elementor-field-group elementor-column elementor-field-type-submit elementor-col-100 e-form__buttons\">\n\t\t\t\t\t<button class=\"elementor-button elementor-size-sm\" type=\"submit\" id=\"formulario\">\n\t\t\t\t\t\t<span class=\"elementor-button-content-wrapper\">\n\t\t\t\t\t\t\t\t\t\t\t\t\t\t\t\t\t\t\t\t\t\t<span class=\"elementor-button-text\">ACESSAR EDITAL<\/span>\n\t\t\t\t\t\t\t\t\t\t\t\t\t<\/span>\n\t\t\t\t\t<\/button>\n\t\t\t\t<\/div>\n\t\t\t<\/div>\n\t\t<\/form>\n\t\t\t\t<\/div>\n\t\t\t\t<\/div>\n\t\t\t\t<div class=\"elementor-element elementor-element-0a2cbc9 elementor-widget-mobile__width-initial elementor-widget__width-initial elementor-widget elementor-widget-heading\" data-id=\"0a2cbc9\" data-element_type=\"widget\" data-widget_type=\"heading.default\">\n\t\t\t\t<div class=\"elementor-widget-container\">\n\t\t\t<h1 class=\"elementor-heading-title elementor-size-default\">Preencha o formul\u00e1rio e garanta o seu acesso em primeira m\u00e3o<\/h1>\t\t<\/div>\n\t\t\t\t<\/div>\n\t\t\t\t<\/div>\n\t\t\t\t\t<\/div>\n\t\t\t\t<\/div>\n\t\t<div class=\"elementor-element elementor-element-dcb36f8 e-flex e-con-boxed e-con e-parent\" data-id=\"dcb36f8\" data-element_type=\"container\" data-settings=\"{&quot;background_background&quot;:&quot;classic&quot;}\">\n\t\t\t\t\t<div class=\"e-con-inner\">\n\t\t<div class=\"elementor-element elementor-element-19e6a10 e-con-full e-flex e-con e-child\" data-id=\"19e6a10\" data-element_type=\"container\">\n\t\t\t\t<div class=\"elementor-element elementor-element-37e9c46f elementor-widget elementor-widget-heading\" data-id=\"37e9c46f\" data-element_type=\"widget\" data-widget_type=\"heading.default\">\n\t\t\t\t<div class=\"elementor-widget-container\">\n\t\t\t<p class=\"elementor-heading-title elementor-size-default\">\u00a9 2025 Copyright S\u00e3o Leopoldo Mandic.<\/p>\t\t<\/div>\n\t\t\t\t<\/div>\n\t\t\t\t<\/div>\n\t\t<div class=\"elementor-element elementor-element-1cfb485 e-con-full e-flex e-con e-child\" data-id=\"1cfb485\" data-element_type=\"container\">\n\t\t\t\t<div class=\"elementor-element elementor-element-3d99a9b1 elementor-icon-list--layout-inline elementor-align-right elementor-tablet-align-center elementor-list-item-link-full_width elementor-widget elementor-widget-icon-list\" data-id=\"3d99a9b1\" data-element_type=\"widget\" data-widget_type=\"icon-list.default\">\n\t\t\t\t<div class=\"elementor-widget-container\">\n\t\t\t\t\t<ul class=\"elementor-icon-list-items elementor-inline-items\">\n\t\t\t\t\t\t\t<li class=\"elementor-icon-list-item elementor-inline-item\">\n\t\t\t\t\t\t\t\t\t\t\t<a href=\"https:\/\/slmandic.edu.br\/politica-de-privacidade\/\">\n\n\t\t\t\t\t\t\t\t\t\t\t<span class=\"elementor-icon-list-text\">Politica de Privacidade<\/span>\n\t\t\t\t\t\t\t\t\t\t\t<\/a>\n\t\t\t\t\t\t\t\t\t<\/li>\n\t\t\t\t\t\t\t\t<li class=\"elementor-icon-list-item elementor-inline-item\">\n\t\t\t\t\t\t\t\t\t\t\t<a href=\"https:\/\/slmandic.edu.br\/politica-de-cookies\/\">\n\n\t\t\t\t\t\t\t\t\t\t\t<span class=\"elementor-icon-list-text\">Politica de Cookies<\/span>\n\t\t\t\t\t\t\t\t\t\t\t<\/a>\n\t\t\t\t\t\t\t\t\t<\/li>\n\t\t\t\t\t\t<\/ul>\n\t\t\t\t<\/div>\n\t\t\t\t<\/div>\n\t\t\t\t<\/div>\n\t\t\t\t\t<\/div>\n\t\t\t\t<\/div>\n\t\t\t\t<\/div>\n\t\t","protected":false},"excerpt":{"rendered":"<p>RECEBA OS DETALHES DO EDITAL DE Resid\u00eancia M\u00e9dica 2026 Tenha acesso antecipado ao n\u00famero de vagas e as especialidades dispon\u00edveis dos cursos de especializa\u00e7\u00e3o m\u00e9dica da Mandic, al\u00e9m das\u00a0novidades e \u00faltimas tend\u00eancias\u00a0do mercado da Medicina! Preencha o formul\u00e1rio e garanta o seu acesso em primeira m\u00e3o \u00a9 2025 Copyright S\u00e3o Leopoldo Mandic. Politica de Privacidade [&hellip;]<\/p>\n","protected":false},"author":16,"featured_media":0,"parent":0,"menu_order":0,"comment_status":"closed","ping_status":"closed","template":"elementor_canvas","meta":{"om_disable_all_campaigns":false,"footnotes":""},"class_list":["post-11043","page","type-page","status-publish","hentry"],"yoast_head":"<!-- This site is optimized with the Yoast SEO plugin v23.6 - https:\/\/yoast.com\/wordpress\/plugins\/seo\/ -->\n<title>Edital Resid\u00eancia M\u00e9dica 2025 da Faculdade S\u00e3o Leopoldo Mandic<\/title>\n<meta name=\"description\" content=\"Confira o edital completo e as especialidades dispon\u00edveis para a Resid\u00eancia M\u00e9dica de uma das institui\u00e7\u00f5es mais renomadas da \u00e1rea da sa\u00fade.\" \/>\n<meta name=\"robots\" content=\"index, follow, max-snippet:-1, max-image-preview:large, max-video-preview:-1\" \/>\n<link rel=\"canonical\" href=\"https:\/\/slmandic.edu.br\/lp\/residencia-medica-2025\/\" \/>\n<meta property=\"og:locale\" content=\"pt_BR\" \/>\n<meta property=\"og:type\" content=\"article\" \/>\n<meta property=\"og:title\" content=\"Edital Resid\u00eancia M\u00e9dica 2025 da Faculdade S\u00e3o Leopoldo Mandic\" \/>\n<meta property=\"og:description\" content=\"Confira o edital completo e as especialidades dispon\u00edveis para a Resid\u00eancia M\u00e9dica de uma das institui\u00e7\u00f5es mais renomadas da \u00e1rea da sa\u00fade.\" \/>\n<meta property=\"og:url\" content=\"https:\/\/slmandic.edu.br\/lp\/residencia-medica-2025\/\" \/>\n<meta property=\"og:site_name\" content=\"SLMandic - LPs\" \/>\n<meta property=\"article:modified_time\" content=\"2025-12-29T13:18:10+00:00\" \/>\n<meta property=\"og:image\" content=\"https:\/\/slmandic.edu.br\/lp\/wp-content\/uploads\/2024\/11\/Ativo-58.png\" \/>\n\t<meta property=\"og:image:width\" content=\"1282\" \/>\n\t<meta property=\"og:image:height\" content=\"454\" \/>\n\t<meta property=\"og:image:type\" content=\"image\/png\" \/>\n<meta name=\"twitter:card\" content=\"summary_large_image\" \/>\n<meta name=\"twitter:label1\" content=\"Est. reading time\" \/>\n\t<meta name=\"twitter:data1\" content=\"1 minuto\" \/>\n<script type=\"application\/ld+json\" class=\"yoast-schema-graph\">{\"@context\":\"https:\/\/schema.org\",\"@graph\":[{\"@type\":\"WebPage\",\"@id\":\"https:\/\/slmandic.edu.br\/lp\/residencia-medica-2025\/\",\"url\":\"https:\/\/slmandic.edu.br\/lp\/residencia-medica-2025\/\",\"name\":\"Edital Resid\u00eancia M\u00e9dica 2025 da Faculdade S\u00e3o Leopoldo Mandic\",\"isPartOf\":{\"@id\":\"https:\/\/slmandic.edu.br\/lp\/#website\"},\"primaryImageOfPage\":{\"@id\":\"https:\/\/slmandic.edu.br\/lp\/residencia-medica-2025\/#primaryimage\"},\"image\":{\"@id\":\"https:\/\/slmandic.edu.br\/lp\/residencia-medica-2025\/#primaryimage\"},\"thumbnailUrl\":\"https:\/\/slmandic.edu.br\/lp\/wp-content\/uploads\/2024\/11\/Ativo-58-1024x363.png\",\"datePublished\":\"2024-11-26T18:20:29+00:00\",\"dateModified\":\"2025-12-29T13:18:10+00:00\",\"description\":\"Confira o edital completo e as especialidades dispon\u00edveis para a Resid\u00eancia M\u00e9dica de uma das institui\u00e7\u00f5es mais renomadas da \u00e1rea da sa\u00fade.\",\"breadcrumb\":{\"@id\":\"https:\/\/slmandic.edu.br\/lp\/residencia-medica-2025\/#breadcrumb\"},\"inLanguage\":\"pt-BR\",\"potentialAction\":[{\"@type\":\"ReadAction\",\"target\":[\"https:\/\/slmandic.edu.br\/lp\/residencia-medica-2025\/\"]}]},{\"@type\":\"ImageObject\",\"inLanguage\":\"pt-BR\",\"@id\":\"https:\/\/slmandic.edu.br\/lp\/residencia-medica-2025\/#primaryimage\",\"url\":\"https:\/\/slmandic.edu.br\/lp\/wp-content\/uploads\/2024\/11\/Ativo-58.png\",\"contentUrl\":\"https:\/\/slmandic.edu.br\/lp\/wp-content\/uploads\/2024\/11\/Ativo-58.png\",\"width\":1282,\"height\":454},{\"@type\":\"BreadcrumbList\",\"@id\":\"https:\/\/slmandic.edu.br\/lp\/residencia-medica-2025\/#breadcrumb\",\"itemListElement\":[{\"@type\":\"ListItem\",\"position\":1,\"name\":\"Home\",\"item\":\"https:\/\/slmandic.edu.br\/lp\/\"},{\"@type\":\"ListItem\",\"position\":2,\"name\":\"Lp Resid\u00eancia M\u00e9dica 2025\"}]},{\"@type\":\"WebSite\",\"@id\":\"https:\/\/slmandic.edu.br\/lp\/#website\",\"url\":\"https:\/\/slmandic.edu.br\/lp\/\",\"name\":\"SLMandic - LPs\",\"description\":\"\",\"potentialAction\":[{\"@type\":\"SearchAction\",\"target\":{\"@type\":\"EntryPoint\",\"urlTemplate\":\"https:\/\/slmandic.edu.br\/lp\/?s={search_term_string}\"},\"query-input\":{\"@type\":\"PropertyValueSpecification\",\"valueRequired\":true,\"valueName\":\"search_term_string\"}}],\"inLanguage\":\"pt-BR\"}]}<\/script>\n<!-- \/ Yoast SEO plugin. -->","yoast_head_json":{"title":"Edital Resid\u00eancia M\u00e9dica 2025 da Faculdade S\u00e3o Leopoldo Mandic","description":"Confira o edital completo e as especialidades dispon\u00edveis para a Resid\u00eancia M\u00e9dica de uma das institui\u00e7\u00f5es mais renomadas da \u00e1rea da sa\u00fade.","robots":{"index":"index","follow":"follow","max-snippet":"max-snippet:-1","max-image-preview":"max-image-preview:large","max-video-preview":"max-video-preview:-1"},"canonical":"https:\/\/slmandic.edu.br\/lp\/residencia-medica-2025\/","og_locale":"pt_BR","og_type":"article","og_title":"Edital Resid\u00eancia M\u00e9dica 2025 da Faculdade S\u00e3o Leopoldo Mandic","og_description":"Confira o edital completo e as especialidades dispon\u00edveis para a Resid\u00eancia M\u00e9dica de uma das institui\u00e7\u00f5es mais renomadas da \u00e1rea da sa\u00fade.","og_url":"https:\/\/slmandic.edu.br\/lp\/residencia-medica-2025\/","og_site_name":"SLMandic - LPs","article_modified_time":"2025-12-29T13:18:10+00:00","og_image":[{"width":1282,"height":454,"url":"https:\/\/slmandic.edu.br\/lp\/wp-content\/uploads\/2024\/11\/Ativo-58.png","type":"image\/png"}],"twitter_card":"summary_large_image","twitter_misc":{"Est. reading time":"1 minuto"},"schema":{"@context":"https:\/\/schema.org","@graph":[{"@type":"WebPage","@id":"https:\/\/slmandic.edu.br\/lp\/residencia-medica-2025\/","url":"https:\/\/slmandic.edu.br\/lp\/residencia-medica-2025\/","name":"Edital Resid\u00eancia M\u00e9dica 2025 da Faculdade S\u00e3o Leopoldo Mandic","isPartOf":{"@id":"https:\/\/slmandic.edu.br\/lp\/#website"},"primaryImageOfPage":{"@id":"https:\/\/slmandic.edu.br\/lp\/residencia-medica-2025\/#primaryimage"},"image":{"@id":"https:\/\/slmandic.edu.br\/lp\/residencia-medica-2025\/#primaryimage"},"thumbnailUrl":"https:\/\/slmandic.edu.br\/lp\/wp-content\/uploads\/2024\/11\/Ativo-58-1024x363.png","datePublished":"2024-11-26T18:20:29+00:00","dateModified":"2025-12-29T13:18:10+00:00","description":"Confira o edital completo e as especialidades dispon\u00edveis para a Resid\u00eancia M\u00e9dica de uma das institui\u00e7\u00f5es mais renomadas da \u00e1rea da sa\u00fade.","breadcrumb":{"@id":"https:\/\/slmandic.edu.br\/lp\/residencia-medica-2025\/#breadcrumb"},"inLanguage":"pt-BR","potentialAction":[{"@type":"ReadAction","target":["https:\/\/slmandic.edu.br\/lp\/residencia-medica-2025\/"]}]},{"@type":"ImageObject","inLanguage":"pt-BR","@id":"https:\/\/slmandic.edu.br\/lp\/residencia-medica-2025\/#primaryimage","url":"https:\/\/slmandic.edu.br\/lp\/wp-content\/uploads\/2024\/11\/Ativo-58.png","contentUrl":"https:\/\/slmandic.edu.br\/lp\/wp-content\/uploads\/2024\/11\/Ativo-58.png","width":1282,"height":454},{"@type":"BreadcrumbList","@id":"https:\/\/slmandic.edu.br\/lp\/residencia-medica-2025\/#breadcrumb","itemListElement":[{"@type":"ListItem","position":1,"name":"Home","item":"https:\/\/slmandic.edu.br\/lp\/"},{"@type":"ListItem","position":2,"name":"Lp Resid\u00eancia M\u00e9dica 2025"}]},{"@type":"WebSite","@id":"https:\/\/slmandic.edu.br\/lp\/#website","url":"https:\/\/slmandic.edu.br\/lp\/","name":"SLMandic - LPs","description":"","potentialAction":[{"@type":"SearchAction","target":{"@type":"EntryPoint","urlTemplate":"https:\/\/slmandic.edu.br\/lp\/?s={search_term_string}"},"query-input":{"@type":"PropertyValueSpecification","valueRequired":true,"valueName":"search_term_string"}}],"inLanguage":"pt-BR"}]}},"_links":{"self":[{"href":"https:\/\/slmandic.edu.br\/lp\/wp-json\/wp\/v2\/pages\/11043"}],"collection":[{"href":"https:\/\/slmandic.edu.br\/lp\/wp-json\/wp\/v2\/pages"}],"about":[{"href":"https:\/\/slmandic.edu.br\/lp\/wp-json\/wp\/v2\/types\/page"}],"author":[{"embeddable":true,"href":"https:\/\/slmandic.edu.br\/lp\/wp-json\/wp\/v2\/users\/16"}],"replies":[{"embeddable":true,"href":"https:\/\/slmandic.edu.br\/lp\/wp-json\/wp\/v2\/comments?post=11043"}],"version-history":[{"count":0,"href":"https:\/\/slmandic.edu.br\/lp\/wp-json\/wp\/v2\/pages\/11043\/revisions"}],"wp:attachment":[{"href":"https:\/\/slmandic.edu.br\/lp\/wp-json\/wp\/v2\/media?parent=11043"}],"curies":[{"name":"wp","href":"https:\/\/api.w.org\/{rel}","templated":true}]}}